{"id":312,"date":"2025-03-16T06:58:29","date_gmt":"2025-03-16T05:58:29","guid":{"rendered":"https:\/\/connecterpourgrandir.com\/retraite\/?post_type=product&#038;p=312"},"modified":"2025-03-19T00:31:59","modified_gmt":"2025-03-18T23:31:59","slug":"retraite-15-18-avril-2025","status":"publish","type":"product","link":"https:\/\/connecterpourgrandir.com\/retraite\/produit\/retraite-15-18-avril-2025\/","title":{"rendered":"Retraite 15-18 avril 2025 &#8211;"},"content":{"rendered":"<p>Participez \u00e0 notre retraite immersive de 3 jours et demi, o\u00f9 vous serez entour\u00e9 d\u2019experts et d\u2019autres entrepreneurs dans un cadre naturel inspirant. Vous apprendrez des techniques de prospection qui vous permettront d&#8217;am\u00e9liorer votre approche commerciale. Avec des ateliers interactifs, des s\u00e9ances de coaching, et des moments de r\u00e9flexion personnelle, vous repartirez avec des outils pratiques et une vision claire de vos futures d\u00e9marches. Pensez \u00e0 apporter votre propre nourriture pour partager des repas conviviaux<\/p>\n<p><strong>Points forts de la retraite :<\/strong><\/p>\n<ul>\n<li><strong>Une opportunit\u00e9 de transformation :<\/strong>\u00a0Les ateliers pratiques permettent une v\u00e9ritable \u00e9volution personnelle et professionnelle.<\/li>\n<li><strong>Travail collaboratif :<\/strong>\u00a0Les participants travaillent ensemble sur des projets concrets, renfor\u00e7ant ainsi les liens et l\u2019esprit d\u2019\u00e9quipe.<\/li>\n<li><strong>Mise en situation r\u00e9elle :<\/strong>\u00a0Les exercices pratiques stimulent l&#8217;apprentissage et la cr\u00e9ativit\u00e9, rendant les concepts th\u00e9oriques plus tangibles.<\/li>\n<li><strong>Engagement actif :<\/strong>\u00a0Chacun s&#8217;investit dans des projets qui encouragent la mise en pratique des comp\u00e9tences acquises.<\/li>\n<li><strong>Partage d&#8217;exp\u00e9riences :<\/strong>\u00a0Les participants \u00e9changent autour de leurs parcours et d\u00e9fis, enrichissant leur perspective.<\/li>\n<li><strong>Feedback constructif :<\/strong>\u00a0Les retours des pairs incitent \u00e0 la r\u00e9flexion sur ses actions et renforcent la confiance au sein du groupe.<\/li>\n<li><strong>Techniques d&#8217;animation innovantes :<\/strong>\u00a0Les facilitateurs cr\u00e9ent un environnement dynamique et motivant o\u00f9 chaque id\u00e9e a sa place.<\/li>\n<li><strong>\u00c9mergence d&#8217;id\u00e9es collectives :<\/strong> Les \u00e9changes favorisent la fusion et l&#8217;\u00e9volution des id\u00e9es.<\/li>\n<li><strong>Moments d\u2019apprentissage :<\/strong>\u00a0Ces ateliers ne se limitent pas \u00e0 l\u2019acquisition de nouvelles comp\u00e9tences, mais contribuent \u00e9galement \u00e0 l\u2019\u00e9panouissement personnel.<\/li>\n<li><strong>C\u00e9l\u00e9bration du potentiel humain :<\/strong>\u00a0Cette retraite met en avant les forces de chacun et l&#8217;importance du travail collectif vers des objectifs communs.<\/li>\n<\/ul>\n<p>&nbsp;<\/p>\n<p>Le prix comprends : la retaite et l&#8217;hebergement<\/p>\n<p>Retraite du 15 au 18 avril 2025<\/p>\n<p>&nbsp;<\/p>\n","protected":false},"excerpt":{"rendered":"<h1 class=\"elementor-heading-title elementor-size-default\">Entrepreneurs et Travailleurs Autonomes :<br \/>\nDevenez Ma\u00eetres en Prospection en 3 Jours !<\/h1>\n","protected":false},"featured_media":150,"comment_status":"open","ping_status":"closed","template":"","meta":{"site-sidebar-layout":"default","site-content-layout":"","ast-site-content-layout":"default","site-content-style":"default","site-sidebar-style":"default","ast-global-header-display":"","ast-banner-title-visibility":"","ast-main-header-display":"","ast-hfb-above-header-display":"","ast-hfb-below-header-display":"","ast-hfb-mobile-header-display":"","site-post-title":"","ast-breadcrumbs-content":"","ast-featured-img":"","footer-sml-layout":"","ast-disable-related-posts":"","theme-transparent-header-meta":"default","adv-header-id-meta":"","stick-header-meta":"","header-above-stick-meta":"","header-main-stick-meta":"","header-below-stick-meta":"","astra-migrate-meta-layouts":"set","ast-page-background-enabled":"default","ast-page-background-meta":{"desktop":{"background-color":"var(--ast-global-color-4)","background-image":"","background-repeat":"repeat","background-position":"center center","background-size":"auto","background-attachment":"scroll","background-type":"","background-media":"","overlay-type":"","overlay-color":"","overlay-opacity":"","overlay-gradient":""},"tablet":{"background-color":"","background-image":"","background-repeat":"repeat","background-position":"center center","background-size":"auto","background-attachment":"scroll","background-type":"","background-media":"","overlay-type":"","overlay-color":"","overlay-opacity":"","overlay-gradient":""},"mobile":{"background-color":"","background-image":"","background-repeat":"repeat","background-position":"center center","background-size":"auto","background-attachment":"scroll","background-type":"","background-media":"","overlay-type":"","overlay-color":"","overlay-opacity":"","overlay-gradient":""}},"ast-content-background-meta":{"desktop":{"background-color":"var(--ast-global-color-5)","background-image":"","background-repeat":"repeat","background-position":"center center","background-size":"auto","background-attachment":"scroll","background-type":"","background-media":"","overlay-type":"","overlay-color":"","overlay-opacity":"","overlay-gradient":""},"tablet":{"background-color":"var(--ast-global-color-5)","background-image":"","background-repeat":"repeat","background-position":"center center","background-size":"auto","background-attachment":"scroll","background-type":"","background-media":"","overlay-type":"","overlay-color":"","overlay-opacity":"","overlay-gradient":""},"mobile":{"background-color":"var(--ast-global-color-5)","background-image":"","background-repeat":"repeat","background-position":"center center","background-size":"auto","background-attachment":"scroll","background-type":"","background-media":"","overlay-type":"","overlay-color":"","overlay-opacity":"","overlay-gradient":""}}},"product_brand":[],"product_cat":[15],"product_tag":[],"class_list":{"0":"post-312","1":"product","2":"type-product","3":"status-publish","4":"has-post-thumbnail","6":"product_cat-non-classe","7":"desktop-align-left","8":"tablet-align-left","9":"mobile-align-left","11":"first","12":"instock","13":"virtual","14":"taxable","15":"purchasable","16":"product-type-simple"},"yoast_head":"<!-- This site is optimized with the Yoast SEO plugin v27.4 - https:\/\/yoast.com\/product\/yoast-seo-wordpress\/ -->\n<title>Retraite 15-18 avril 2025 - Retraites Connecter Pour Grandir<\/title>\n<meta name=\"robots\" content=\"index, follow, max-snippet:-1, max-image-preview:large, max-video-preview:-1\" \/>\n<link rel=\"canonical\" href=\"https:\/\/connecterpourgrandir.com\/retraite\/produit\/retraite-15-18-avril-2025\/\" \/>\n<meta property=\"og:locale\" content=\"fr_FR\" \/>\n<meta property=\"og:type\" content=\"article\" \/>\n<meta property=\"og:title\" content=\"Retraite 15-18 avril 2025 - Retraites Connecter Pour Grandir\" \/>\n<meta property=\"og:description\" content=\"Entrepreneurs et Travailleurs Autonomes : Devenez Ma\u00eetres en Prospection en 3 Jours !\" \/>\n<meta property=\"og:url\" content=\"https:\/\/connecterpourgrandir.com\/retraite\/produit\/retraite-15-18-avril-2025\/\" \/>\n<meta property=\"og:site_name\" content=\"Retraites Connecter Pour Grandir\" \/>\n<meta property=\"article:modified_time\" content=\"2025-03-18T23:31:59+00:00\" \/>\n<meta property=\"og:image\" content=\"https:\/\/connecterpourgrandir.com\/retraite\/wp-content\/uploads\/sites\/4\/2024\/11\/expediav2-47992-342c85-236173.jpg\" \/>\n\t<meta property=\"og:image:width\" content=\"968\" \/>\n\t<meta property=\"og:image:height\" content=\"607\" \/>\n\t<meta property=\"og:image:type\" content=\"image\/jpeg\" \/>\n<meta name=\"twitter:card\" content=\"summary_large_image\" \/>\n<meta name=\"twitter:label1\" content=\"Dur\u00e9e de lecture estim\u00e9e\" \/>\n\t<meta name=\"twitter:data1\" content=\"2 minutes\" \/>\n<script type=\"application\/ld+json\" class=\"yoast-schema-graph\">{\"@context\":\"https:\\\/\\\/schema.org\",\"@graph\":[{\"@type\":\"WebPage\",\"@id\":\"https:\\\/\\\/connecterpourgrandir.com\\\/retraite\\\/produit\\\/retraite-15-18-avril-2025\\\/\",\"url\":\"https:\\\/\\\/connecterpourgrandir.com\\\/retraite\\\/produit\\\/retraite-15-18-avril-2025\\\/\",\"name\":\"Retraite 15-18 avril 2025 - Retraites Connecter Pour Grandir\",\"isPartOf\":{\"@id\":\"https:\\\/\\\/connecterpourgrandir.com\\\/retraite\\\/#website\"},\"primaryImageOfPage\":{\"@id\":\"https:\\\/\\\/connecterpourgrandir.com\\\/retraite\\\/produit\\\/retraite-15-18-avril-2025\\\/#primaryimage\"},\"image\":{\"@id\":\"https:\\\/\\\/connecterpourgrandir.com\\\/retraite\\\/produit\\\/retraite-15-18-avril-2025\\\/#primaryimage\"},\"thumbnailUrl\":\"https:\\\/\\\/connecterpourgrandir.com\\\/retraite\\\/wp-content\\\/uploads\\\/sites\\\/4\\\/2024\\\/11\\\/expediav2-47992-342c85-236173.jpg\",\"datePublished\":\"2025-03-16T05:58:29+00:00\",\"dateModified\":\"2025-03-18T23:31:59+00:00\",\"breadcrumb\":{\"@id\":\"https:\\\/\\\/connecterpourgrandir.com\\\/retraite\\\/produit\\\/retraite-15-18-avril-2025\\\/#breadcrumb\"},\"inLanguage\":\"fr-FR\",\"potentialAction\":[{\"@type\":\"ReadAction\",\"target\":[\"https:\\\/\\\/connecterpourgrandir.com\\\/retraite\\\/produit\\\/retraite-15-18-avril-2025\\\/\"]}]},{\"@type\":\"ImageObject\",\"inLanguage\":\"fr-FR\",\"@id\":\"https:\\\/\\\/connecterpourgrandir.com\\\/retraite\\\/produit\\\/retraite-15-18-avril-2025\\\/#primaryimage\",\"url\":\"https:\\\/\\\/connecterpourgrandir.com\\\/retraite\\\/wp-content\\\/uploads\\\/sites\\\/4\\\/2024\\\/11\\\/expediav2-47992-342c85-236173.jpg\",\"contentUrl\":\"https:\\\/\\\/connecterpourgrandir.com\\\/retraite\\\/wp-content\\\/uploads\\\/sites\\\/4\\\/2024\\\/11\\\/expediav2-47992-342c85-236173.jpg\",\"width\":968,\"height\":607},{\"@type\":\"BreadcrumbList\",\"@id\":\"https:\\\/\\\/connecterpourgrandir.com\\\/retraite\\\/produit\\\/retraite-15-18-avril-2025\\\/#breadcrumb\",\"itemListElement\":[{\"@type\":\"ListItem\",\"position\":1,\"name\":\"Accueil\",\"item\":\"https:\\\/\\\/connecterpourgrandir.com\\\/retraite\\\/\"},{\"@type\":\"ListItem\",\"position\":2,\"name\":\"Boutique\",\"item\":\"https:\\\/\\\/connecterpourgrandir.com\\\/retraite\\\/boutique\\\/\"},{\"@type\":\"ListItem\",\"position\":3,\"name\":\"Retraite 15-18 avril 2025 &#8211;\"}]},{\"@type\":\"WebSite\",\"@id\":\"https:\\\/\\\/connecterpourgrandir.com\\\/retraite\\\/#website\",\"url\":\"https:\\\/\\\/connecterpourgrandir.com\\\/retraite\\\/\",\"name\":\"Retraites Connecter Pour Grandir\",\"description\":\"\",\"publisher\":{\"@id\":\"https:\\\/\\\/connecterpourgrandir.com\\\/retraite\\\/#organization\"},\"potentialAction\":[{\"@type\":\"SearchAction\",\"target\":{\"@type\":\"EntryPoint\",\"urlTemplate\":\"https:\\\/\\\/connecterpourgrandir.com\\\/retraite\\\/?s={search_term_string}\"},\"query-input\":{\"@type\":\"PropertyValueSpecification\",\"valueRequired\":true,\"valueName\":\"search_term_string\"}}],\"inLanguage\":\"fr-FR\"},{\"@type\":\"Organization\",\"@id\":\"https:\\\/\\\/connecterpourgrandir.com\\\/retraite\\\/#organization\",\"name\":\"Retraites Connecter Pour Grandir\",\"url\":\"https:\\\/\\\/connecterpourgrandir.com\\\/retraite\\\/\",\"logo\":{\"@type\":\"ImageObject\",\"inLanguage\":\"fr-FR\",\"@id\":\"https:\\\/\\\/connecterpourgrandir.com\\\/retraite\\\/#\\\/schema\\\/logo\\\/image\\\/\",\"url\":\"https:\\\/\\\/connecterpourgrandir.com\\\/retraite\\\/wp-content\\\/uploads\\\/sites\\\/4\\\/2024\\\/11\\\/Connecter-pour-grandir_Coul.png\",\"contentUrl\":\"https:\\\/\\\/connecterpourgrandir.com\\\/retraite\\\/wp-content\\\/uploads\\\/sites\\\/4\\\/2024\\\/11\\\/Connecter-pour-grandir_Coul.png\",\"width\":7236,\"height\":3486,\"caption\":\"Retraites Connecter Pour Grandir\"},\"image\":{\"@id\":\"https:\\\/\\\/connecterpourgrandir.com\\\/retraite\\\/#\\\/schema\\\/logo\\\/image\\\/\"}}]}<\/script>\n<!-- \/ Yoast SEO plugin. -->","yoast_head_json":{"title":"Retraite 15-18 avril 2025 - Retraites Connecter Pour Grandir","robots":{"index":"index","follow":"follow","max-snippet":"max-snippet:-1","max-image-preview":"max-image-preview:large","max-video-preview":"max-video-preview:-1"},"canonical":"https:\/\/connecterpourgrandir.com\/retraite\/produit\/retraite-15-18-avril-2025\/","og_locale":"fr_FR","og_type":"article","og_title":"Retraite 15-18 avril 2025 - Retraites Connecter Pour Grandir","og_description":"Entrepreneurs et Travailleurs Autonomes : Devenez Ma\u00eetres en Prospection en 3 Jours !","og_url":"https:\/\/connecterpourgrandir.com\/retraite\/produit\/retraite-15-18-avril-2025\/","og_site_name":"Retraites Connecter Pour Grandir","article_modified_time":"2025-03-18T23:31:59+00:00","og_image":[{"width":968,"height":607,"url":"https:\/\/connecterpourgrandir.com\/retraite\/wp-content\/uploads\/sites\/4\/2024\/11\/expediav2-47992-342c85-236173.jpg","type":"image\/jpeg"}],"twitter_card":"summary_large_image","twitter_misc":{"Dur\u00e9e de lecture estim\u00e9e":"2 minutes"},"schema":{"@context":"https:\/\/schema.org","@graph":[{"@type":"WebPage","@id":"https:\/\/connecterpourgrandir.com\/retraite\/produit\/retraite-15-18-avril-2025\/","url":"https:\/\/connecterpourgrandir.com\/retraite\/produit\/retraite-15-18-avril-2025\/","name":"Retraite 15-18 avril 2025 - Retraites Connecter Pour Grandir","isPartOf":{"@id":"https:\/\/connecterpourgrandir.com\/retraite\/#website"},"primaryImageOfPage":{"@id":"https:\/\/connecterpourgrandir.com\/retraite\/produit\/retraite-15-18-avril-2025\/#primaryimage"},"image":{"@id":"https:\/\/connecterpourgrandir.com\/retraite\/produit\/retraite-15-18-avril-2025\/#primaryimage"},"thumbnailUrl":"https:\/\/connecterpourgrandir.com\/retraite\/wp-content\/uploads\/sites\/4\/2024\/11\/expediav2-47992-342c85-236173.jpg","datePublished":"2025-03-16T05:58:29+00:00","dateModified":"2025-03-18T23:31:59+00:00","breadcrumb":{"@id":"https:\/\/connecterpourgrandir.com\/retraite\/produit\/retraite-15-18-avril-2025\/#breadcrumb"},"inLanguage":"fr-FR","potentialAction":[{"@type":"ReadAction","target":["https:\/\/connecterpourgrandir.com\/retraite\/produit\/retraite-15-18-avril-2025\/"]}]},{"@type":"ImageObject","inLanguage":"fr-FR","@id":"https:\/\/connecterpourgrandir.com\/retraite\/produit\/retraite-15-18-avril-2025\/#primaryimage","url":"https:\/\/connecterpourgrandir.com\/retraite\/wp-content\/uploads\/sites\/4\/2024\/11\/expediav2-47992-342c85-236173.jpg","contentUrl":"https:\/\/connecterpourgrandir.com\/retraite\/wp-content\/uploads\/sites\/4\/2024\/11\/expediav2-47992-342c85-236173.jpg","width":968,"height":607},{"@type":"BreadcrumbList","@id":"https:\/\/connecterpourgrandir.com\/retraite\/produit\/retraite-15-18-avril-2025\/#breadcrumb","itemListElement":[{"@type":"ListItem","position":1,"name":"Accueil","item":"https:\/\/connecterpourgrandir.com\/retraite\/"},{"@type":"ListItem","position":2,"name":"Boutique","item":"https:\/\/connecterpourgrandir.com\/retraite\/boutique\/"},{"@type":"ListItem","position":3,"name":"Retraite 15-18 avril 2025 &#8211;"}]},{"@type":"WebSite","@id":"https:\/\/connecterpourgrandir.com\/retraite\/#website","url":"https:\/\/connecterpourgrandir.com\/retraite\/","name":"Retraites Connecter Pour Grandir","description":"","publisher":{"@id":"https:\/\/connecterpourgrandir.com\/retraite\/#organization"},"potentialAction":[{"@type":"SearchAction","target":{"@type":"EntryPoint","urlTemplate":"https:\/\/connecterpourgrandir.com\/retraite\/?s={search_term_string}"},"query-input":{"@type":"PropertyValueSpecification","valueRequired":true,"valueName":"search_term_string"}}],"inLanguage":"fr-FR"},{"@type":"Organization","@id":"https:\/\/connecterpourgrandir.com\/retraite\/#organization","name":"Retraites Connecter Pour Grandir","url":"https:\/\/connecterpourgrandir.com\/retraite\/","logo":{"@type":"ImageObject","inLanguage":"fr-FR","@id":"https:\/\/connecterpourgrandir.com\/retraite\/#\/schema\/logo\/image\/","url":"https:\/\/connecterpourgrandir.com\/retraite\/wp-content\/uploads\/sites\/4\/2024\/11\/Connecter-pour-grandir_Coul.png","contentUrl":"https:\/\/connecterpourgrandir.com\/retraite\/wp-content\/uploads\/sites\/4\/2024\/11\/Connecter-pour-grandir_Coul.png","width":7236,"height":3486,"caption":"Retraites Connecter Pour Grandir"},"image":{"@id":"https:\/\/connecterpourgrandir.com\/retraite\/#\/schema\/logo\/image\/"}}]}},"jetpack_sharing_enabled":true,"_links":{"self":[{"href":"https:\/\/connecterpourgrandir.com\/retraite\/wp-json\/wp\/v2\/product\/312","targetHints":{"allow":["GET"]}}],"collection":[{"href":"https:\/\/connecterpourgrandir.com\/retraite\/wp-json\/wp\/v2\/product"}],"about":[{"href":"https:\/\/connecterpourgrandir.com\/retraite\/wp-json\/wp\/v2\/types\/product"}],"replies":[{"embeddable":true,"href":"https:\/\/connecterpourgrandir.com\/retraite\/wp-json\/wp\/v2\/comments?post=312"}],"version-history":[{"count":0,"href":"https:\/\/connecterpourgrandir.com\/retraite\/wp-json\/wp\/v2\/product\/312\/revisions"}],"wp:featuredmedia":[{"embeddable":true,"href":"https:\/\/connecterpourgrandir.com\/retraite\/wp-json\/wp\/v2\/media\/150"}],"wp:attachment":[{"href":"https:\/\/connecterpourgrandir.com\/retraite\/wp-json\/wp\/v2\/media?parent=312"}],"wp:term":[{"taxonomy":"product_brand","embeddable":true,"href":"https:\/\/connecterpourgrandir.com\/retraite\/wp-json\/wp\/v2\/product_brand?post=312"},{"taxonomy":"product_cat","embeddable":true,"href":"https:\/\/connecterpourgrandir.com\/retraite\/wp-json\/wp\/v2\/product_cat?post=312"},{"taxonomy":"product_tag","embeddable":true,"href":"https:\/\/connecterpourgrandir.com\/retraite\/wp-json\/wp\/v2\/product_tag?post=312"}],"curies":[{"name":"wp","href":"https:\/\/api.w.org\/{rel}","templated":true}]}}