{"id":508,"date":"2025-03-20T12:53:39","date_gmt":"2025-03-20T11:53:39","guid":{"rendered":"https:\/\/connecterpourgrandir.com\/france\/affilie-reinitialiser-le-mot-de-passe\/"},"modified":"2025-03-20T12:53:39","modified_gmt":"2025-03-20T11:53:39","slug":"affilie-reinitialiser-le-mot-de-passe","status":"publish","type":"page","link":"https:\/\/connecterpourgrandir.com\/france\/affilie-reinitialiser-le-mot-de-passe\/","title":{"rendered":"Affili\u00e9 R\u00e9initialiser le mot de passe"},"content":{"rendered":"\n","protected":false},"excerpt":{"rendered":"","protected":false},"author":1,"featured_media":0,"parent":0,"menu_order":0,"comment_status":"closed","ping_status":"closed","template":"","meta":{"site-sidebar-layout":"default","site-content-layout":"","ast-site-content-layout":"default","site-content-style":"default","site-sidebar-style":"default","ast-global-header-display":"","ast-banner-title-visibility":"","ast-main-header-display":"","ast-hfb-above-header-display":"","ast-hfb-below-header-display":"","ast-hfb-mobile-header-display":"","site-post-title":"","ast-breadcrumbs-content":"","ast-featured-img":"","footer-sml-layout":"","ast-disable-related-posts":"","theme-transparent-header-meta":"","adv-header-id-meta":"","stick-header-meta":"","header-above-stick-meta":"","header-main-stick-meta":"","header-below-stick-meta":"","astra-migrate-meta-layouts":"default","ast-page-background-enabled":"default","ast-page-background-meta":{"desktop":{"background-color":"var(--ast-global-color-4)","background-image":"","background-repeat":"repeat","background-position":"center center","background-size":"auto","background-attachment":"scroll","background-type":"","background-media":"","overlay-type":"","overlay-color":"","overlay-opacity":"","overlay-gradient":""},"tablet":{"background-color":"","background-image":"","background-repeat":"repeat","background-position":"center center","background-size":"auto","background-attachment":"scroll","background-type":"","background-media":"","overlay-type":"","overlay-color":"","overlay-opacity":"","overlay-gradient":""},"mobile":{"background-color":"","background-image":"","background-repeat":"repeat","background-position":"center center","background-size":"auto","background-attachment":"scroll","background-type":"","background-media":"","overlay-type":"","overlay-color":"","overlay-opacity":"","overlay-gradient":""}},"ast-content-background-meta":{"desktop":{"background-color":"var(--ast-global-color-5)","background-image":"","background-repeat":"repeat","background-position":"center center","background-size":"auto","background-attachment":"scroll","background-type":"","background-media":"","overlay-type":"","overlay-color":"","overlay-opacity":"","overlay-gradient":""},"tablet":{"background-color":"var(--ast-global-color-5)","background-image":"","background-repeat":"repeat","background-position":"center center","background-size":"auto","background-attachment":"scroll","background-type":"","background-media":"","overlay-type":"","overlay-color":"","overlay-opacity":"","overlay-gradient":""},"mobile":{"background-color":"var(--ast-global-color-5)","background-image":"","background-repeat":"repeat","background-position":"center center","background-size":"auto","background-attachment":"scroll","background-type":"","background-media":"","overlay-type":"","overlay-color":"","overlay-opacity":"","overlay-gradient":""}},"footnotes":""},"class_list":["post-508","page","type-page","status-publish","hentry"],"yoast_head":"<!-- This site is optimized with the Yoast SEO plugin v27.5 - https:\/\/yoast.com\/product\/yoast-seo-wordpress\/ -->\n<title>Affili\u00e9 R\u00e9initialiser le mot de passe - \u00c9v\u00e8nement Connecter Pour Grandir en France<\/title>\n<meta name=\"robots\" content=\"index, follow, max-snippet:-1, max-image-preview:large, max-video-preview:-1\" \/>\n<link rel=\"canonical\" href=\"https:\/\/connecterpourgrandir.com\/france\/affilie-reinitialiser-le-mot-de-passe\/\" \/>\n<meta property=\"og:locale\" content=\"fr_FR\" \/>\n<meta property=\"og:type\" content=\"article\" \/>\n<meta property=\"og:title\" content=\"Affili\u00e9 R\u00e9initialiser le mot de passe - \u00c9v\u00e8nement Connecter Pour Grandir en France\" \/>\n<meta property=\"og:url\" content=\"https:\/\/connecterpourgrandir.com\/france\/affilie-reinitialiser-le-mot-de-passe\/\" \/>\n<meta property=\"og:site_name\" content=\"\u00c9v\u00e8nement Connecter Pour Grandir en France\" \/>\n<meta name=\"twitter:card\" content=\"summary_large_image\" \/>\n<script type=\"application\/ld+json\" class=\"yoast-schema-graph\">{\"@context\":\"https:\\\/\\\/schema.org\",\"@graph\":[{\"@type\":\"WebPage\",\"@id\":\"https:\\\/\\\/connecterpourgrandir.com\\\/france\\\/affilie-reinitialiser-le-mot-de-passe\\\/\",\"url\":\"https:\\\/\\\/connecterpourgrandir.com\\\/france\\\/affilie-reinitialiser-le-mot-de-passe\\\/\",\"name\":\"Affili\u00e9 R\u00e9initialiser le mot de passe - \u00c9v\u00e8nement Connecter Pour Grandir en France\",\"isPartOf\":{\"@id\":\"https:\\\/\\\/connecterpourgrandir.com\\\/france\\\/#website\"},\"datePublished\":\"2025-03-20T11:53:39+00:00\",\"breadcrumb\":{\"@id\":\"https:\\\/\\\/connecterpourgrandir.com\\\/france\\\/affilie-reinitialiser-le-mot-de-passe\\\/#breadcrumb\"},\"inLanguage\":\"fr-FR\",\"potentialAction\":[{\"@type\":\"ReadAction\",\"target\":[\"https:\\\/\\\/connecterpourgrandir.com\\\/france\\\/affilie-reinitialiser-le-mot-de-passe\\\/\"]}]},{\"@type\":\"BreadcrumbList\",\"@id\":\"https:\\\/\\\/connecterpourgrandir.com\\\/france\\\/affilie-reinitialiser-le-mot-de-passe\\\/#breadcrumb\",\"itemListElement\":[{\"@type\":\"ListItem\",\"position\":1,\"name\":\"Accueil\",\"item\":\"https:\\\/\\\/connecterpourgrandir.com\\\/france\\\/\"},{\"@type\":\"ListItem\",\"position\":2,\"name\":\"Affili\u00e9 R\u00e9initialiser le mot de passe\"}]},{\"@type\":\"WebSite\",\"@id\":\"https:\\\/\\\/connecterpourgrandir.com\\\/france\\\/#website\",\"url\":\"https:\\\/\\\/connecterpourgrandir.com\\\/france\\\/\",\"name\":\"\u00c9v\u00e8nement Connecter Pour Grandir en France\",\"description\":\"\",\"publisher\":{\"@id\":\"https:\\\/\\\/connecterpourgrandir.com\\\/france\\\/#organization\"},\"potentialAction\":[{\"@type\":\"SearchAction\",\"target\":{\"@type\":\"EntryPoint\",\"urlTemplate\":\"https:\\\/\\\/connecterpourgrandir.com\\\/france\\\/?s={search_term_string}\"},\"query-input\":{\"@type\":\"PropertyValueSpecification\",\"valueRequired\":true,\"valueName\":\"search_term_string\"}}],\"inLanguage\":\"fr-FR\"},{\"@type\":\"Organization\",\"@id\":\"https:\\\/\\\/connecterpourgrandir.com\\\/france\\\/#organization\",\"name\":\"\u00c9v\u00e8nement Connecter Pour Grandir en France\",\"url\":\"https:\\\/\\\/connecterpourgrandir.com\\\/france\\\/\",\"logo\":{\"@type\":\"ImageObject\",\"inLanguage\":\"fr-FR\",\"@id\":\"https:\\\/\\\/connecterpourgrandir.com\\\/france\\\/#\\\/schema\\\/logo\\\/image\\\/\",\"url\":\"https:\\\/\\\/connecterpourgrandir.com\\\/france\\\/wp-content\\\/uploads\\\/sites\\\/3\\\/2024\\\/12\\\/Connecter-pour-grandir_Coul.png\",\"contentUrl\":\"https:\\\/\\\/connecterpourgrandir.com\\\/france\\\/wp-content\\\/uploads\\\/sites\\\/3\\\/2024\\\/12\\\/Connecter-pour-grandir_Coul.png\",\"width\":7236,\"height\":3486,\"caption\":\"\u00c9v\u00e8nement Connecter Pour Grandir en France\"},\"image\":{\"@id\":\"https:\\\/\\\/connecterpourgrandir.com\\\/france\\\/#\\\/schema\\\/logo\\\/image\\\/\"}}]}<\/script>\n<!-- \/ Yoast SEO plugin. -->","yoast_head_json":{"title":"Affili\u00e9 R\u00e9initialiser le mot de passe - \u00c9v\u00e8nement Connecter Pour Grandir en France","robots":{"index":"index","follow":"follow","max-snippet":"max-snippet:-1","max-image-preview":"max-image-preview:large","max-video-preview":"max-video-preview:-1"},"canonical":"https:\/\/connecterpourgrandir.com\/france\/affilie-reinitialiser-le-mot-de-passe\/","og_locale":"fr_FR","og_type":"article","og_title":"Affili\u00e9 R\u00e9initialiser le mot de passe - \u00c9v\u00e8nement Connecter Pour Grandir en France","og_url":"https:\/\/connecterpourgrandir.com\/france\/affilie-reinitialiser-le-mot-de-passe\/","og_site_name":"\u00c9v\u00e8nement Connecter Pour Grandir en France","twitter_card":"summary_large_image","schema":{"@context":"https:\/\/schema.org","@graph":[{"@type":"WebPage","@id":"https:\/\/connecterpourgrandir.com\/france\/affilie-reinitialiser-le-mot-de-passe\/","url":"https:\/\/connecterpourgrandir.com\/france\/affilie-reinitialiser-le-mot-de-passe\/","name":"Affili\u00e9 R\u00e9initialiser le mot de passe - \u00c9v\u00e8nement Connecter Pour Grandir en France","isPartOf":{"@id":"https:\/\/connecterpourgrandir.com\/france\/#website"},"datePublished":"2025-03-20T11:53:39+00:00","breadcrumb":{"@id":"https:\/\/connecterpourgrandir.com\/france\/affilie-reinitialiser-le-mot-de-passe\/#breadcrumb"},"inLanguage":"fr-FR","potentialAction":[{"@type":"ReadAction","target":["https:\/\/connecterpourgrandir.com\/france\/affilie-reinitialiser-le-mot-de-passe\/"]}]},{"@type":"BreadcrumbList","@id":"https:\/\/connecterpourgrandir.com\/france\/affilie-reinitialiser-le-mot-de-passe\/#breadcrumb","itemListElement":[{"@type":"ListItem","position":1,"name":"Accueil","item":"https:\/\/connecterpourgrandir.com\/france\/"},{"@type":"ListItem","position":2,"name":"Affili\u00e9 R\u00e9initialiser le mot de passe"}]},{"@type":"WebSite","@id":"https:\/\/connecterpourgrandir.com\/france\/#website","url":"https:\/\/connecterpourgrandir.com\/france\/","name":"\u00c9v\u00e8nement Connecter Pour Grandir en France","description":"","publisher":{"@id":"https:\/\/connecterpourgrandir.com\/france\/#organization"},"potentialAction":[{"@type":"SearchAction","target":{"@type":"EntryPoint","urlTemplate":"https:\/\/connecterpourgrandir.com\/france\/?s={search_term_string}"},"query-input":{"@type":"PropertyValueSpecification","valueRequired":true,"valueName":"search_term_string"}}],"inLanguage":"fr-FR"},{"@type":"Organization","@id":"https:\/\/connecterpourgrandir.com\/france\/#organization","name":"\u00c9v\u00e8nement Connecter Pour Grandir en France","url":"https:\/\/connecterpourgrandir.com\/france\/","logo":{"@type":"ImageObject","inLanguage":"fr-FR","@id":"https:\/\/connecterpourgrandir.com\/france\/#\/schema\/logo\/image\/","url":"https:\/\/connecterpourgrandir.com\/france\/wp-content\/uploads\/sites\/3\/2024\/12\/Connecter-pour-grandir_Coul.png","contentUrl":"https:\/\/connecterpourgrandir.com\/france\/wp-content\/uploads\/sites\/3\/2024\/12\/Connecter-pour-grandir_Coul.png","width":7236,"height":3486,"caption":"\u00c9v\u00e8nement Connecter Pour Grandir en France"},"image":{"@id":"https:\/\/connecterpourgrandir.com\/france\/#\/schema\/logo\/image\/"}}]}},"jetpack_sharing_enabled":true,"_links":{"self":[{"href":"https:\/\/connecterpourgrandir.com\/france\/wp-json\/wp\/v2\/pages\/508","targetHints":{"allow":["GET"]}}],"collection":[{"href":"https:\/\/connecterpourgrandir.com\/france\/wp-json\/wp\/v2\/pages"}],"about":[{"href":"https:\/\/connecterpourgrandir.com\/france\/wp-json\/wp\/v2\/types\/page"}],"author":[{"embeddable":true,"href":"https:\/\/connecterpourgrandir.com\/france\/wp-json\/wp\/v2\/users\/1"}],"replies":[{"embeddable":true,"href":"https:\/\/connecterpourgrandir.com\/france\/wp-json\/wp\/v2\/comments?post=508"}],"version-history":[{"count":0,"href":"https:\/\/connecterpourgrandir.com\/france\/wp-json\/wp\/v2\/pages\/508\/revisions"}],"wp:attachment":[{"href":"https:\/\/connecterpourgrandir.com\/france\/wp-json\/wp\/v2\/media?parent=508"}],"curies":[{"name":"wp","href":"https:\/\/api.w.org\/{rel}","templated":true}]}}